{"id":43,"date":"2022-03-11T17:30:55","date_gmt":"2022-03-11T16:30:55","guid":{"rendered":"http:\/\/partyvefrantiskanu.cz\/?page_id=43"},"modified":"2026-03-20T13:02:07","modified_gmt":"2026-03-20T12:02:07","slug":"program2","status":"publish","type":"page","link":"https:\/\/partyvefrantiskanu.cz\/en\/","title":{"rendered":"Program"},"content":{"rendered":"<p>P\u0159ipravujeme &#8230;<\/p>\n<p><!--[wds id=\"3\"]--><\/p>\n<p><!--\nNa stoj\u00e1ka live v Kadani!\n\n<img loading=\"lazy\" class=\"aligncenter size-full wp-image-297\" src=\"http:\/\/partyvefrantiskanu.cz\/wp-content\/uploads\/2018\/09\/Kadan_Orfeum.jpg\" alt=\"\" width=\"595\" height=\"842\" srcset=\"https:\/\/partyvefrantiskanu.cz\/wp-content\/uploads\/2018\/09\/Kadan_Orfeum.jpg 595w, https:\/\/partyvefrantiskanu.cz\/wp-content\/uploads\/2018\/09\/Kadan_Orfeum-212x300.jpg 212w\" sizes=\"(max-width: 595px) 100vw, 595px\" \/>\n\nV\u00edce informac\u00ed a on-line p\u0159edprodej na <a href=\"http:\/\/www.kultura-kadan.cz\/akceID\/311598\/na-stojaka\">str\u00e1nce KKZ<\/a>.\n--><\/p>\n\n\n<p><\/p>","protected":false},"excerpt":{"rendered":"","protected":false},"author":1,"featured_media":0,"parent":0,"menu_order":10,"comment_status":"closed","ping_status":"closed","template":"template-magazine.php","meta":[],"_links":{"self":[{"href":"https:\/\/partyvefrantiskanu.cz\/en\/wp-json\/wp\/v2\/pages\/43"}],"collection":[{"href":"https:\/\/partyvefrantiskanu.cz\/en\/wp-json\/wp\/v2\/pages"}],"about":[{"href":"https:\/\/partyvefrantiskanu.cz\/en\/wp-json\/wp\/v2\/types\/page"}],"author":[{"embeddable":true,"href":"https:\/\/partyvefrantiskanu.cz\/en\/wp-json\/wp\/v2\/users\/1"}],"replies":[{"embeddable":true,"href":"https:\/\/partyvefrantiskanu.cz\/en\/wp-json\/wp\/v2\/comments?post=43"}],"version-history":[{"count":10,"href":"https:\/\/partyvefrantiskanu.cz\/en\/wp-json\/wp\/v2\/pages\/43\/revisions"}],"predecessor-version":[{"id":671,"href":"https:\/\/partyvefrantiskanu.cz\/en\/wp-json\/wp\/v2\/pages\/43\/revisions\/671"}],"wp:attachment":[{"href":"https:\/\/partyvefrantiskanu.cz\/en\/wp-json\/wp\/v2\/media?parent=43"}],"curies":[{"name":"wp","href":"https:\/\/api.w.org\/{rel}","templated":true}]}}